{"id":14,"date":"2024-08-27T13:18:14","date_gmt":"2024-08-27T11:18:14","guid":{"rendered":"https:\/\/lesamii.cluster027.hosting.ovh.net\/?page_id=14"},"modified":"2025-07-01T16:59:17","modified_gmt":"2025-07-01T14:59:17","slug":"concerts","status":"publish","type":"page","link":"https:\/\/www.lesamisdeceillac.fr\/index.php\/concerts\/","title":{"rendered":"CONCERTS"},"content":{"rendered":"\n<p>Afin de mettre en valeur les deux \u00e9glises de Ceillac qui sont class\u00e9es aux Monuments Historiques, l&rsquo;association organise r\u00e9guli\u00e8rement des concerts dans ces \u00e9difices dont l&rsquo;excellente qualit\u00e9 acoustique exacerbe le plaisir d&rsquo;\u00e9coute.<\/p>\n\n\n\n<p>Durant les mois d&rsquo;\u00e9t\u00e9, sont propos\u00e9es les Musicales du Jeudi. A No\u00ebl, un concert est \u00e9galement programm\u00e9.<\/p>\n\n\n\n<p>Ci-dessous, les programmations des derniers \u00e9t\u00e9s&#8230;<\/p>\n\n\n\n<div style=\"height:22px\" aria-hidden=\"true\" class=\"wp-block-spacer\"><\/div>\n\n\n\n<figure class=\"wp-block-image size-large\"><img loading=\"lazy\" decoding=\"async\" width=\"1024\" height=\"417\" src=\"https:\/\/www.lesamisdeceillac.fr\/wp-content\/uploads\/2024\/09\/concert-francois-1024x417.jpg\" alt=\"\" class=\"wp-image-310\" srcset=\"https:\/\/www.lesamisdeceillac.fr\/wp-content\/uploads\/2024\/09\/concert-francois-1024x417.jpg 1024w, https:\/\/www.lesamisdeceillac.fr\/wp-content\/uploads\/2024\/09\/concert-francois-300x122.jpg 300w, https:\/\/www.lesamisdeceillac.fr\/wp-content\/uploads\/2024\/09\/concert-francois-768x313.jpg 768w, https:\/\/www.lesamisdeceillac.fr\/wp-content\/uploads\/2024\/09\/concert-francois-1536x626.jpg 1536w, https:\/\/www.lesamisdeceillac.fr\/wp-content\/uploads\/2024\/09\/concert-francois.jpg 2000w\" sizes=\"auto, (max-width: 1024px) 100vw, 1024px\" \/><\/figure>\n\n\n\n<div style=\"height:22px\" aria-hidden=\"true\" class=\"wp-block-spacer\"><\/div>\n\n\n\n<h5 class=\"wp-block-heading\">\u00c9T\u00c9 2025<\/h5>\n\n\n\n<figure class=\"wp-block-image size-large\"><img loading=\"lazy\" decoding=\"async\" width=\"1414\" height=\"2000\" src=\"https:\/\/www.lesamisdeceillac.fr\/wp-content\/uploads\/2025\/07\/affiche-concerts-2025-CA-w-1414x2000.jpg\" alt=\"\" class=\"wp-image-1080\" srcset=\"https:\/\/www.lesamisdeceillac.fr\/wp-content\/uploads\/2025\/07\/affiche-concerts-2025-CA-w-1414x2000.jpg 1414w, https:\/\/www.lesamisdeceillac.fr\/wp-content\/uploads\/2025\/07\/affiche-concerts-2025-CA-w-212x300.jpg 212w, https:\/\/www.lesamisdeceillac.fr\/wp-content\/uploads\/2025\/07\/affiche-concerts-2025-CA-w-768x1086.jpg 768w, https:\/\/www.lesamisdeceillac.fr\/wp-content\/uploads\/2025\/07\/affiche-concerts-2025-CA-w-1086x1536.jpg 1086w, https:\/\/www.lesamisdeceillac.fr\/wp-content\/uploads\/2025\/07\/affiche-concerts-2025-CA-w-1448x2048.jpg 1448w, https:\/\/www.lesamisdeceillac.fr\/wp-content\/uploads\/2025\/07\/affiche-concerts-2025-CA-w.jpg 1768w\" sizes=\"auto, (max-width: 1414px) 100vw, 1414px\" \/><\/figure>\n\n\n\n<h5 class=\"wp-block-heading\">\u00c9T\u00c9 2024<\/h5>\n\n\n\n<p><strong>Les musicales du jeudi <\/strong><strong>~<\/strong><strong> \u00c9glise Saint-S\u00e9bastien<\/strong><\/p>\n\n\n\n<ul class=\"wp-block-list\">\n<li>18 juillet &#8211; 21h&nbsp;: <strong><em>Splendeur de l\u2019accord\u00e9on<\/em><\/strong> avec Roman JBANOV<\/li>\n<\/ul>\n\n\n\n<ul class=\"wp-block-list\">\n<li>25 juillet &#8211; 21h&nbsp;: <strong><em>Carte blanche Violon et Violoncelle<\/em><\/strong>&nbsp;avec Sylvain LHOTELLIER <em>(violon)<\/em> et Thomas MARTIN <em>(violoncelle)<\/em> &nbsp;<\/li>\n<\/ul>\n\n\n\n<ul class=\"wp-block-list\">\n<li>1er ao\u00fbt &#8211; 21h&nbsp;: <strong><em>Duo musical sans fronti\u00e8res&nbsp;; musique du monde<\/em><\/strong>&nbsp;avec le duo PARISSE METISSE<\/li>\n<\/ul>\n\n\n\n<ul class=\"wp-block-list\">\n<li>8 ao\u00fbt &#8211; 21h&nbsp;:&nbsp;<strong>Ensemble de Musique Traditionnelle<\/strong>&nbsp; avec l\u2019Acad\u00e9mie du tambourin<\/li>\n<\/ul>\n\n\n\n<ul class=\"wp-block-list\">\n<li>15 ao\u00fbt &#8211; 21h&nbsp;: <strong><em>R\u00e9cital quatuor de guitare<\/em><\/strong> avec le Quatuor NEPTUNIUM.<\/li>\n<\/ul>\n\n\n\n<p><strong><em>*<\/em><\/strong><em> les tarifs sont inchang\u00e9s&nbsp;: 8 \u20ac&nbsp;(r\u00e9duit&nbsp;: 6 \u20ac)<\/em><\/p>\n\n\n\n<div style=\"height:27px\" aria-hidden=\"true\" class=\"wp-block-spacer\"><\/div>\n\n\n\n<figure class=\"wp-block-image aligncenter size-large is-resized\"><img loading=\"lazy\" decoding=\"async\" width=\"1024\" height=\"376\" src=\"https:\/\/www.lesamisdeceillac.fr\/wp-content\/uploads\/2024\/09\/concert-violon-1024x376.gif\" alt=\"\" class=\"wp-image-304\" style=\"width:236px;height:auto\" srcset=\"https:\/\/www.lesamisdeceillac.fr\/wp-content\/uploads\/2024\/09\/concert-violon-1024x376.gif 1024w, https:\/\/www.lesamisdeceillac.fr\/wp-content\/uploads\/2024\/09\/concert-violon-300x110.gif 300w, https:\/\/www.lesamisdeceillac.fr\/wp-content\/uploads\/2024\/09\/concert-violon-768x282.gif 768w, https:\/\/www.lesamisdeceillac.fr\/wp-content\/uploads\/2024\/09\/concert-violon-1536x563.gif 1536w\" sizes=\"auto, (max-width: 1024px) 100vw, 1024px\" \/><\/figure>\n\n\n\n<h5 class=\"wp-block-heading\">\u00c9T\u00c9 2023<\/h5>\n\n\n\n<p><\/p>\n\n\n\n<h5 class=\"wp-block-heading\">\u00c9T\u00c9 2022<\/h5>\n\n\n\n<figure class=\"wp-block-image size-full\"><img loading=\"lazy\" decoding=\"async\" width=\"724\" height=\"1024\" src=\"https:\/\/www.lesamisdeceillac.fr\/wp-content\/uploads\/2024\/09\/amis-ceillac-concerts-2022.jpg\" alt=\"\" class=\"wp-image-283\" srcset=\"https:\/\/www.lesamisdeceillac.fr\/wp-content\/uploads\/2024\/09\/amis-ceillac-concerts-2022.jpg 724w, https:\/\/www.lesamisdeceillac.fr\/wp-content\/uploads\/2024\/09\/amis-ceillac-concerts-2022-212x300.jpg 212w\" sizes=\"auto, (max-width: 724px) 100vw, 724px\" \/><\/figure>\n\n\n\n<figure class=\"wp-block-image size-large\"><img loading=\"lazy\" decoding=\"async\" width=\"1024\" height=\"606\" src=\"https:\/\/www.lesamisdeceillac.fr\/wp-content\/uploads\/2024\/09\/concert-opus-1024x606.jpg\" alt=\"\" class=\"wp-image-308\" srcset=\"https:\/\/www.lesamisdeceillac.fr\/wp-content\/uploads\/2024\/09\/concert-opus-1024x606.jpg 1024w, https:\/\/www.lesamisdeceillac.fr\/wp-content\/uploads\/2024\/09\/concert-opus-300x178.jpg 300w, https:\/\/www.lesamisdeceillac.fr\/wp-content\/uploads\/2024\/09\/concert-opus-768x455.jpg 768w, https:\/\/www.lesamisdeceillac.fr\/wp-content\/uploads\/2024\/09\/concert-opus-1536x909.jpg 1536w, https:\/\/www.lesamisdeceillac.fr\/wp-content\/uploads\/2024\/09\/concert-opus.jpg 2000w\" sizes=\"auto, (max-width: 1024px) 100vw, 1024px\" \/><\/figure>\n\n\n\n<div style=\"height:28px\" aria-hidden=\"true\" class=\"wp-block-spacer\"><\/div>\n\n\n\n<h5 class=\"wp-block-heading\">\u00c9T\u00c9 2021<\/h5>\n\n\n\n<figure class=\"wp-block-image size-large\"><img loading=\"lazy\" decoding=\"async\" width=\"724\" height=\"1024\" src=\"https:\/\/www.lesamisdeceillac.fr\/wp-content\/uploads\/2024\/09\/amis-ceillac-concerts-2021-724x1024.jpg\" alt=\"\" class=\"wp-image-286\" srcset=\"https:\/\/www.lesamisdeceillac.fr\/wp-content\/uploads\/2024\/09\/amis-ceillac-concerts-2021-724x1024.jpg 724w, https:\/\/www.lesamisdeceillac.fr\/wp-content\/uploads\/2024\/09\/amis-ceillac-concerts-2021-212x300.jpg 212w, https:\/\/www.lesamisdeceillac.fr\/wp-content\/uploads\/2024\/09\/amis-ceillac-concerts-2021-768x1086.jpg 768w, https:\/\/www.lesamisdeceillac.fr\/wp-content\/uploads\/2024\/09\/amis-ceillac-concerts-2021.jpg 1086w\" sizes=\"auto, (max-width: 724px) 100vw, 724px\" \/><\/figure>\n\n\n\n<div style=\"height:32px\" aria-hidden=\"true\" class=\"wp-block-spacer\"><\/div>\n\n\n\n<figure class=\"wp-block-image aligncenter size-full is-resized\"><img loading=\"lazy\" decoding=\"async\" width=\"370\" height=\"100\" src=\"https:\/\/www.lesamisdeceillac.fr\/wp-content\/uploads\/2024\/09\/concert-notes.gif\" alt=\"\" class=\"wp-image-306\" style=\"width:234px;height:auto\"\/><\/figure>\n\n\n\n<div style=\"height:32px\" aria-hidden=\"true\" class=\"wp-block-spacer\"><\/div>\n\n\n\n<h5 class=\"wp-block-heading\">\u00c9T\u00c9 2020<\/h5>\n\n\n\n<p>En raison du covid avec une interdiction de rassemblement, la programmation a \u00e9t\u00e9 annul\u00e9e cette ann\u00e9e-l\u00e0. L&rsquo;ensemble des concertistes ont \u00e9t\u00e9 r\u00e9inivit\u00e9s en 2021.<\/p>\n\n\n\n<div style=\"height:29px\" aria-hidden=\"true\" class=\"wp-block-spacer\"><\/div>\n\n\n\n<h5 class=\"wp-block-heading\">\u00c9T\u00c9 2019<\/h5>\n\n\n\n<div style=\"height:33px\" aria-hidden=\"true\" class=\"wp-block-spacer\"><\/div>\n\n\n\n<h5 class=\"wp-block-heading\">HIVER 2019<\/h5>\n\n\n\n<p>A l&rsquo;occasion du Nouvel An, ce sont quatre musiciens qui se sont associ\u00e9s le 3 janvier pour offrir aux spectateurs des moments de gr\u00e2ce : Barbara Blivet, soprano, Julie Chevalier, fl\u00fbtiste, Guillaume Aubert, accord\u00e9oniste, et Julien Labergerie, saxophoniste et clarinettiste.<\/p>\n\n\n\n<p>Le programme, intitul\u00e9 \u00ab\u00a0Chants et musiques d&rsquo;ici et d&rsquo;ailleurs\u00a0\u00bb :<\/p>\n\n\n\n<ul class=\"wp-block-list\">\n<li>Kaddish : une des deux m\u00e9lodies h\u00e9bra\u00efques harmonis\u00e9es pour chant et piano par Maurice Ravel en 1914.<\/li>\n<\/ul>\n\n\n\n<ul class=\"wp-block-list\">\n<li>Ave Maria : attribu\u00e9 \u00e0 Giulio Caccini (1551-1618) mais qui est probablement post\u00e9rieur, dans une version pour soprano et fl\u00fbte.<\/li>\n<\/ul>\n\n\n\n<ul class=\"wp-block-list\">\n<li>Summertime : berceuse extraite de Porgy and Bess, compos\u00e9e entre 1933 et 1935 par Georges Gershwin, extraite de cet op\u00e9ra et chant\u00e9e \u00e0 maintes reprises par des artistes jazz et pop.<\/li>\n<\/ul>\n\n\n\n<ul class=\"wp-block-list\">\n<li>Zeta Chansong : chanson d&rsquo;Andr\u00e9 Minvielle (n\u00e9 en 1957) inspir\u00e9e par la vari\u00e9t\u00e9 des langues originelles d&rsquo;Am\u00e9rique latine.<\/li>\n<\/ul>\n\n\n\n<ul class=\"wp-block-list\">\n<li>De dame et d&rsquo;homme : musique compos\u00e9e par le h\u00e9ro de l&rsquo;accord\u00e9on diatonique po\u00e9tique Marc Perrone (n\u00e9 en 1951) et mise en mots par son ami Andr\u00e9 Minvielle.<\/li>\n<\/ul>\n\n\n\n<ul class=\"wp-block-list\">\n<li>Cai cai cai : chanson occitane de Michel Macias et Henri Marliangeas.<\/li>\n<\/ul>\n\n\n\n<ul class=\"wp-block-list\">\n<li>Flatbush Waltz : Valse lente compos\u00e9e par Andy Statman, clarinettiste et mandoliniste sp\u00e9cialiste de musique klezmer.<\/li>\n<\/ul>\n\n\n\n<ul class=\"wp-block-list\">\n<li>Tam Lin Cooley&rsquo;s Reel The Fermoy Lasses : trilogie de th\u00e8mes irlandais.<\/li>\n<\/ul>\n\n\n\n<ul class=\"wp-block-list\">\n<li>Ant\u00e9prime : est une composition personnelle qui exprime les aspects ambivalents de la nostalgie, par une basse presque continue et une m\u00e9lodie en clair-obscur.<\/li>\n<\/ul>\n\n\n\n<ul class=\"wp-block-list\">\n<li>Anterne : <\/li>\n\n\n\n<li>une autre composition, a \u00e9t\u00e9 \u00e9crite par gratitude pour une montagne. Elle m\u00eale avec des m\u00e9lodies simples et consonantes des rythmiques \u00e0 deux, trois et quatre temps qui se s\u00e9parent et se retrouvent.<\/li>\n<\/ul>\n\n\n\n<div style=\"height:36px\" aria-hidden=\"true\" class=\"wp-block-spacer\"><\/div>\n\n\n\n<figure class=\"wp-block-image size-large\"><img loading=\"lazy\" decoding=\"async\" width=\"1024\" height=\"522\" src=\"https:\/\/www.lesamisdeceillac.fr\/wp-content\/uploads\/2024\/09\/amis-ceillac-expo-2018-2-1024x522.jpg\" alt=\"\" class=\"wp-image-233\" srcset=\"https:\/\/www.lesamisdeceillac.fr\/wp-content\/uploads\/2024\/09\/amis-ceillac-expo-2018-2-1024x522.jpg 1024w, https:\/\/www.lesamisdeceillac.fr\/wp-content\/uploads\/2024\/09\/amis-ceillac-expo-2018-2-300x153.jpg 300w, https:\/\/www.lesamisdeceillac.fr\/wp-content\/uploads\/2024\/09\/amis-ceillac-expo-2018-2-768x392.jpg 768w, https:\/\/www.lesamisdeceillac.fr\/wp-content\/uploads\/2024\/09\/amis-ceillac-expo-2018-2-1536x783.jpg 1536w, https:\/\/www.lesamisdeceillac.fr\/wp-content\/uploads\/2024\/09\/amis-ceillac-expo-2018-2.jpg 2000w\" sizes=\"auto, (max-width: 1024px) 100vw, 1024px\" \/><\/figure>\n\n\n\n<div style=\"height:24px\" aria-hidden=\"true\" class=\"wp-block-spacer\"><\/div>\n\n\n\n<h5 class=\"wp-block-heading\">\u00c9T\u00c9 2018<\/h5>\n\n\n\n<figure class=\"wp-block-image size-full\"><img loading=\"lazy\" decoding=\"async\" width=\"605\" height=\"962\" src=\"https:\/\/www.lesamisdeceillac.fr\/wp-content\/uploads\/2024\/09\/amis-ceillac-concerts-2018.jpg\" alt=\"\" class=\"wp-image-299\" srcset=\"https:\/\/www.lesamisdeceillac.fr\/wp-content\/uploads\/2024\/09\/amis-ceillac-concerts-2018.jpg 605w, https:\/\/www.lesamisdeceillac.fr\/wp-content\/uploads\/2024\/09\/amis-ceillac-concerts-2018-189x300.jpg 189w\" sizes=\"auto, (max-width: 605px) 100vw, 605px\" \/><\/figure>\n\n\n\n<div style=\"height:30px\" aria-hidden=\"true\" class=\"wp-block-spacer\"><\/div>\n\n\n\n<figure class=\"wp-block-image aligncenter size-large is-resized\"><img loading=\"lazy\" decoding=\"async\" width=\"776\" height=\"1024\" src=\"https:\/\/www.lesamisdeceillac.fr\/wp-content\/uploads\/2024\/09\/odile-fricher-eglise-sanguine-w3-776x1024.png\" alt=\"\" class=\"wp-image-320\" style=\"width:179px;height:auto\" srcset=\"https:\/\/www.lesamisdeceillac.fr\/wp-content\/uploads\/2024\/09\/odile-fricher-eglise-sanguine-w3-776x1024.png 776w, https:\/\/www.lesamisdeceillac.fr\/wp-content\/uploads\/2024\/09\/odile-fricher-eglise-sanguine-w3-227x300.png 227w, https:\/\/www.lesamisdeceillac.fr\/wp-content\/uploads\/2024\/09\/odile-fricher-eglise-sanguine-w3-768x1014.png 768w, https:\/\/www.lesamisdeceillac.fr\/wp-content\/uploads\/2024\/09\/odile-fricher-eglise-sanguine-w3-1164x1536.png 1164w, https:\/\/www.lesamisdeceillac.fr\/wp-content\/uploads\/2024\/09\/odile-fricher-eglise-sanguine-w3.png 1500w\" sizes=\"auto, (max-width: 776px) 100vw, 776px\" \/><\/figure>\n","protected":false},"excerpt":{"rendered":"<p>Afin de mettre en valeur les deux \u00e9glises de Ceillac qui sont class\u00e9es aux Monuments Historiques, l&rsquo;association organise r\u00e9guli\u00e8rement des concerts dans ces \u00e9difices dont l&rsquo;excellente qualit\u00e9 acoustique exacerbe le plaisir d&rsquo;\u00e9coute. Durant les mois d&rsquo;\u00e9t\u00e9, sont propos\u00e9es les Musicales du Jeudi. A No\u00ebl, un concert est \u00e9galement programm\u00e9. Ci-dessous, les programmations des derniers \u00e9t\u00e9s&#8230; [&hellip;]<\/p>\n","protected":false},"author":1,"featured_media":0,"parent":0,"menu_order":0,"comment_status":"closed","ping_status":"closed","template":"","meta":{"footnotes":""},"class_list":["post-14","page","type-page","status-publish","hentry"],"blocksy_meta":[],"_links":{"self":[{"href":"https:\/\/www.lesamisdeceillac.fr\/index.php\/wp-json\/wp\/v2\/pages\/14","targetHints":{"allow":["GET"]}}],"collection":[{"href":"https:\/\/www.lesamisdeceillac.fr\/index.php\/wp-json\/wp\/v2\/pages"}],"about":[{"href":"https:\/\/www.lesamisdeceillac.fr\/index.php\/wp-json\/wp\/v2\/types\/page"}],"author":[{"embeddable":true,"href":"https:\/\/www.lesamisdeceillac.fr\/index.php\/wp-json\/wp\/v2\/users\/1"}],"replies":[{"embeddable":true,"href":"https:\/\/www.lesamisdeceillac.fr\/index.php\/wp-json\/wp\/v2\/comments?post=14"}],"version-history":[{"count":31,"href":"https:\/\/www.lesamisdeceillac.fr\/index.php\/wp-json\/wp\/v2\/pages\/14\/revisions"}],"predecessor-version":[{"id":1081,"href":"https:\/\/www.lesamisdeceillac.fr\/index.php\/wp-json\/wp\/v2\/pages\/14\/revisions\/1081"}],"wp:attachment":[{"href":"https:\/\/www.lesamisdeceillac.fr\/index.php\/wp-json\/wp\/v2\/media?parent=14"}],"curies":[{"name":"wp","href":"https:\/\/api.w.org\/{rel}","templated":true}]}}