{"id":326,"date":"2024-09-19T15:10:42","date_gmt":"2024-09-19T13:10:42","guid":{"rendered":"https:\/\/www.lesamisdeceillac.fr\/?page_id=326"},"modified":"2024-10-14T15:48:20","modified_gmt":"2024-10-14T13:48:20","slug":"publications","status":"publish","type":"page","link":"https:\/\/www.lesamisdeceillac.fr\/index.php\/archives\/publications\/","title":{"rendered":"PUBLICATIONS"},"content":{"rendered":"\n<div class=\"wp-block-columns is-layout-flex wp-container-core-columns-is-layout-28f84493 wp-block-columns-is-layout-flex\">\n<div class=\"wp-block-column is-layout-flow wp-block-column-is-layout-flow\">\n<p><strong>Monographie de Ceillac par Tivollier<\/strong> : <a href=\"https:\/\/www.lesamisdeceillac.fr\/wp-telechargements\/monographie-complete.pdf\" target=\"_blank\" rel=\"noreferrer noopener\">Monographie<\/a> <em>(pdf 157 pages)<\/em><\/p>\n\n\n\n<p>En 1976, \u00e0 la demande et avec le concours de l\u2019Association des Amis de Ceillac, les \u00e9ditions LAFFITE REPRINTS de Marseille r\u00e9imprimaient la monographie de Ceillac publi\u00e9e en 1926 par Jean Tivollier, membre de la Soci\u00e9t\u00e9 d\u2019Etude des Hautes-Alpes.<\/p>\n\n\n\n<p>Pour satisfaire les demandes qui ont \u00e9t\u00e9 faites, les Amis de Ceillac ont d\u00e9cid\u00e9 de r\u00e9\u00e9diter cet ouvrage qui tire sa richesse de l\u2019exploitation m\u00e9thodique de l\u2019inventaire des archives de Ceillac r\u00e9alis\u00e9 par l\u2019abb\u00e9 Guillaume.<\/p>\n\n\n\n<p>Il s\u2019agit bien d\u2019une r\u00e9\u00e9dition du texte original, sans modification aucune, except\u00e9e la pr\u00e9sentation plus synoptique.<\/p>\n\n\n\n<p>Les exemplaires originaux n\u2019\u00e9tant pas exploitables pour une r\u00e9alisation de cet ouvrage avec les moyens techniques actuels, le texte a d\u00fb \u00eatre enti\u00e8rement dactylographi\u00e9 et recompos\u00e9. <\/p>\n\n\n\n<p>Ce long travail, important et fastidieux, a \u00e9t\u00e9 r\u00e9alis\u00e9 b\u00e9n\u00e9volement par MM. Basquin, Boudignon, Chavrot et Troussier. Qu\u2019ils en soient ici chaleureusement remerci\u00e9s.<\/p>\n<\/div>\n\n\n\n<div class=\"wp-block-column is-layout-flow wp-block-column-is-layout-flow\">\n<figure class=\"wp-block-image alignright size-large is-resized\"><img loading=\"lazy\" decoding=\"async\" width=\"756\" height=\"1024\" src=\"https:\/\/www.lesamisdeceillac.fr\/wp-content\/uploads\/2024\/09\/monographie-couverture-756x1024.jpg\" alt=\"\" class=\"wp-image-484\" style=\"width:448px;height:auto\" srcset=\"https:\/\/www.lesamisdeceillac.fr\/wp-content\/uploads\/2024\/09\/monographie-couverture-756x1024.jpg 756w, https:\/\/www.lesamisdeceillac.fr\/wp-content\/uploads\/2024\/09\/monographie-couverture-221x300.jpg 221w, https:\/\/www.lesamisdeceillac.fr\/wp-content\/uploads\/2024\/09\/monographie-couverture-768x1041.jpg 768w, https:\/\/www.lesamisdeceillac.fr\/wp-content\/uploads\/2024\/09\/monographie-couverture-1133x1536.jpg 1133w, https:\/\/www.lesamisdeceillac.fr\/wp-content\/uploads\/2024\/09\/monographie-couverture.jpg 1500w\" sizes=\"auto, (max-width: 756px) 100vw, 756px\" \/><\/figure>\n<\/div>\n<\/div>\n\n\n\n<div style=\"height:50px\" aria-hidden=\"true\" class=\"wp-block-spacer\"><\/div>\n\n\n\n<p><strong>Philippe Lamour<\/strong> : <a href=\"http:\/\/www.lesamisdeceillac.fr\/wp-telechargements\/amis-ceillac-lamour-plaquette.pdf\" target=\"_blank\" rel=\"noreferrer noopener\">plaquette<\/a> <em>(pdf 48 pages)<\/em><\/p>\n\n\n\n<div class=\"wp-block-columns is-layout-flex wp-container-core-columns-is-layout-28f84493 wp-block-columns-is-layout-flex\">\n<div class=\"wp-block-column is-layout-flow wp-block-column-is-layout-flow\">\n<figure class=\"wp-block-image size-large\"><img loading=\"lazy\" decoding=\"async\" width=\"728\" height=\"1024\" src=\"https:\/\/www.lesamisdeceillac.fr\/wp-content\/uploads\/2024\/09\/philippe-lamour-couv-728x1024.jpg\" alt=\"\" class=\"wp-image-488\" srcset=\"https:\/\/www.lesamisdeceillac.fr\/wp-content\/uploads\/2024\/09\/philippe-lamour-couv-728x1024.jpg 728w, https:\/\/www.lesamisdeceillac.fr\/wp-content\/uploads\/2024\/09\/philippe-lamour-couv-213x300.jpg 213w, https:\/\/www.lesamisdeceillac.fr\/wp-content\/uploads\/2024\/09\/philippe-lamour-couv-768x1080.jpg 768w, https:\/\/www.lesamisdeceillac.fr\/wp-content\/uploads\/2024\/09\/philippe-lamour-couv-1092x1536.jpg 1092w, https:\/\/www.lesamisdeceillac.fr\/wp-content\/uploads\/2024\/09\/philippe-lamour-couv.jpg 1266w\" sizes=\"auto, (max-width: 728px) 100vw, 728px\" \/><\/figure>\n<\/div>\n\n\n\n<div class=\"wp-block-column is-layout-flow wp-block-column-is-layout-flow\">\n<p>Philippe LAMOUR s\u2019attacha avec la constance et le bon sens qui \u00e9taient siens, \u00e0 ce que le d\u00e9ve\u00adloppement de Ceillac et du Queyras permette \u00e0 chacun d\u2019en devenir un acteur \u00e0 part enti\u00e8re.<\/p>\n\n\n\n<p>L\u2019orientation donn\u00e9e il y a 30 ans a permis l\u2019\u00e9volution d\u2019un mode de vie conforme aux d\u00e9sirs, besoins et r\u00e9alit\u00e9s \u00e9conomiques d\u2019une soci\u00e9t\u00e9.<\/p>\n\n\n\n<p>Pr\u00e9curseur de l\u2019Am\u00e9nagement du Territoire, Philippe LAMOUR mit en application au travers de son \u0153uvre une v\u00e9ritable politique de la montagne au b\u00e9n\u00e9fice de ceux qui y vivent.<\/p>\n\n\n\n<p>Son action demeure exemplaire et unanimement reconnue. Il permit ainsi \u00e0 ceux qui ont v\u00e9cu cette transition capitale pour leur avenir, de pouvoir continuer \u00e0 \u201cVivre au Pays\u201d, d\u2019\u00e9tablir leur famille et d\u2019y fonder leurs espoirs.<\/p>\n\n\n\n<p>Aujourd\u2019hui la commune de Ceillac, forte d\u2019une jeunesse largement repr\u00e9sent\u00e9e et riche d\u2019une exp\u00e9\u00adrience acquise avec sagesse, est le t\u00e9moin du succ\u00e8s de l\u2019action de celui qui restera pour tous un homme hors du commun.<\/p>\n\n\n\n<p>A cet homme exceptionnel qu\u2019un profond et mutuel attachement lia \u00e0 tout un village dont il prit en main la destin\u00e9e, cet ouvrage est l\u2019hommage de tous ses habitants.<\/p>\n\n\n\n<p class=\"has-text-align-right\"><strong>Antoine REYNAUD, <\/strong><em>Maire de Ceillac<\/em> <em>en 1988<\/em><\/p>\n\n\n\n<p class=\"has-text-align-right\"><\/p>\n<\/div>\n<\/div>\n\n\n\n<div style=\"height:44px\" aria-hidden=\"true\" class=\"wp-block-spacer\"><\/div>\n\n\n\n<p><strong>10 ans d\u2019exposition 2006~2015<\/strong> : <a href=\"http:\/\/www.lesamisdeceillac.fr\/wp-telechargements\/amis-ceillac-10ans-expos.pdf\">r\u00e9trospective<\/a><\/p>\n\n\n\n<p>Bernard et Jacqueline Busser retracent avec ce livret 10 ans d&rsquo;exposition \u00e0 l&rsquo;\u00e9glise Sainte-C\u00e9cile&#8230;<\/p>\n\n\n\n<figure class=\"wp-block-image size-large\"><img loading=\"lazy\" decoding=\"async\" width=\"1024\" height=\"737\" src=\"https:\/\/www.lesamisdeceillac.fr\/wp-content\/uploads\/2024\/09\/amis-ceillac-10-ans-expo-couverture-1024x737.jpg\" alt=\"\" class=\"wp-image-187\" srcset=\"https:\/\/www.lesamisdeceillac.fr\/wp-content\/uploads\/2024\/09\/amis-ceillac-10-ans-expo-couverture-1024x737.jpg 1024w, https:\/\/www.lesamisdeceillac.fr\/wp-content\/uploads\/2024\/09\/amis-ceillac-10-ans-expo-couverture-300x216.jpg 300w, https:\/\/www.lesamisdeceillac.fr\/wp-content\/uploads\/2024\/09\/amis-ceillac-10-ans-expo-couverture-768x553.jpg 768w, https:\/\/www.lesamisdeceillac.fr\/wp-content\/uploads\/2024\/09\/amis-ceillac-10-ans-expo-couverture-1536x1105.jpg 1536w, https:\/\/www.lesamisdeceillac.fr\/wp-content\/uploads\/2024\/09\/amis-ceillac-10-ans-expo-couverture-2048x1473.jpg 2048w\" sizes=\"auto, (max-width: 1024px) 100vw, 1024px\" \/><\/figure>\n\n\n\n<div style=\"height:57px\" aria-hidden=\"true\" class=\"wp-block-spacer\"><\/div>\n\n\n\n<div class=\"wp-block-columns is-layout-flex wp-container-core-columns-is-layout-28f84493 wp-block-columns-is-layout-flex\">\n<div class=\"wp-block-column is-layout-flow wp-block-column-is-layout-flow\">\n<p><strong>L\u2019\u00e9glise Saint-S\u00e9bastien<\/strong> : <a href=\"http:\/\/www.lesamisdeceillac.fr\/wp-telechargements\/st-sebastien-plaquette.pdf\">plaquette<\/a><\/p>\n\n\n\n<p>L&rsquo;\u00e9glise Saint-S\u00e9bastien actuelle daterait du XV\u00e8me si\u00e8cle. Mais d\u00e9j\u00e0 existait \u00e0 Ceillac une \u00e9glise en 1118 ; elle d\u00e9pendait de l&rsquo;Abbaye de Saint-Andr\u00e9 de Villeneuve.<\/p>\n\n\n\n<p>Si l&rsquo;on en juge par la population du village \u00e0 cette \u00e9poque, il est incontestable qu&rsquo;il existait au Moyen-Age une communaut\u00e9 chr\u00e9tienne importante. Des actes de 1328, 1474 et 1516 font \u00e9tat de \u00ab chapelain \u00bb, puis de \u00ab cur\u00e9 \u00bb.<\/p>\n\n\n\n<p>L&rsquo;\u00e9glise fut consacr\u00e9e en 1542. Aucune pi\u00e8ce ne fait \u00e9tat des dimensions de celle-ci, mais il est certain que des modifications, des remaniements, des agrandissements eurent lieu au cours des si\u00e8cles comme le prouvent, s&rsquo;il en \u00e9tait besoin, l&rsquo;architecture du b\u00e2timent et l&#8217;emploi des divers mat\u00e9riaux.<\/p>\n\n\n\n<p>Le premier arc du bas de l&rsquo;\u00e9glise porte la date de 1667. La vo\u00fbte, avant le ch\u0153ur, sur le c\u00f4t\u00e9 nord, celle de 1755.<\/p>\n\n\n\n<p>Les piliers, surtout ceux du nord de la nef, sont bien ant\u00e9\u00adrieurs. Peut-\u00eatre du XII \u00e8me, voire du XI le si\u00e8cle, bien qu&rsquo;il soit difficile de dater \u00e0 cette \u00e9poque en mati\u00e8re d&rsquo;architecture. L&rsquo;\u00e9volution d&rsquo;une r\u00e9gion \u00e0 l&rsquo;autre, surtout dans ces pays isol\u00e9s, pouvait diff\u00e9rer de plusieurs si\u00e8cles&#8230;.<\/p>\n\n\n\n<p><\/p>\n<\/div>\n\n\n\n<div class=\"wp-block-column is-layout-flow wp-block-column-is-layout-flow\">\n<figure class=\"wp-block-image size-large\"><img loading=\"lazy\" decoding=\"async\" width=\"678\" height=\"1024\" src=\"https:\/\/www.lesamisdeceillac.fr\/wp-content\/uploads\/2024\/09\/saint-sebastien-couv-678x1024.jpg\" alt=\"\" class=\"wp-image-493\" srcset=\"https:\/\/www.lesamisdeceillac.fr\/wp-content\/uploads\/2024\/09\/saint-sebastien-couv-678x1024.jpg 678w, https:\/\/www.lesamisdeceillac.fr\/wp-content\/uploads\/2024\/09\/saint-sebastien-couv-199x300.jpg 199w, https:\/\/www.lesamisdeceillac.fr\/wp-content\/uploads\/2024\/09\/saint-sebastien-couv-768x1161.jpg 768w, https:\/\/www.lesamisdeceillac.fr\/wp-content\/uploads\/2024\/09\/saint-sebastien-couv-1016x1536.jpg 1016w, https:\/\/www.lesamisdeceillac.fr\/wp-content\/uploads\/2024\/09\/saint-sebastien-couv.jpg 1107w\" sizes=\"auto, (max-width: 678px) 100vw, 678px\" \/><\/figure>\n<\/div>\n<\/div>\n\n\n\n<div style=\"height:55px\" aria-hidden=\"true\" class=\"wp-block-spacer\"><\/div>\n\n\n\n<p><strong>Le p\u00e8re Fournier, un maire exceptionnel, par Philippe Lamour<\/strong> : <a href=\"http:\/\/www.lesamisdeceillac.fr\/wp-telechargements\/maire-fournier-plaquette.pdf\">plaquette<\/a><\/p>\n\n\n\n<div class=\"wp-block-columns is-layout-flex wp-container-core-columns-is-layout-28f84493 wp-block-columns-is-layout-flex\">\n<div class=\"wp-block-column is-layout-flow wp-block-column-is-layout-flow\">\n<figure class=\"wp-block-image size-full is-resized\"><img loading=\"lazy\" decoding=\"async\" width=\"796\" height=\"1024\" src=\"https:\/\/www.lesamisdeceillac.fr\/wp-content\/uploads\/2024\/09\/maire-fournier.jpg\" alt=\"\" class=\"wp-image-499\" style=\"width:452px;height:auto\" srcset=\"https:\/\/www.lesamisdeceillac.fr\/wp-content\/uploads\/2024\/09\/maire-fournier.jpg 796w, https:\/\/www.lesamisdeceillac.fr\/wp-content\/uploads\/2024\/09\/maire-fournier-233x300.jpg 233w, https:\/\/www.lesamisdeceillac.fr\/wp-content\/uploads\/2024\/09\/maire-fournier-768x988.jpg 768w\" sizes=\"auto, (max-width: 796px) 100vw, 796px\" \/><\/figure>\n<\/div>\n\n\n\n<div class=\"wp-block-column is-layout-flow wp-block-column-is-layout-flow\">\n<p>Jean-Antoine-Joseph Fournier naquit le 15 ao\u00fbt 1769, c\u2019est- \u00e0-dire le m\u00eame jour que Napol\u00e9on Bonaparte. Il en tirait une na\u00efve fiert\u00e9. Elle s\u2019exprima notamment par l\u2019adoption, jusqu\u2019\u00e0 la fin de sa vie, d\u2019un costume \u00e9voquant celui de l\u2019Empereur qui, rapide\u00adment d\u00e9mod\u00e9, contribua \u00e0 r\u00e9pandre sa r\u00e9putation d\u2019originalit\u00e9 bien au-del\u00e0 des fronti\u00e8res de sa province.<\/p>\n\n\n\n<p>Celui qui devait devenir le maire l\u00e9gendaire de Ceillac y passa sa jeunesse en aidant son p\u00e8re dans les travaux agricoles et en acqu\u00e9rant une \u00e9ducation sommaire. Il passait la saison d\u2019hiver chez ses oncles, tous deux pr\u00eatres dans des paroisses de la proche vall\u00e9e de la Durance, l\u2019un \u00e0 Saint-Cr\u00e9pin, l\u2019autre \u00e0 Ch\u00e2teauroux, sur la route d\u2019Embrun.<\/p>\n\n\n\n<p>La personnalit\u00e9 du jeune gar\u00e7on s\u2019affirma tr\u00e8s rapidement et la R\u00e9volution lui fournit l\u2019occasion de commencer sa carri\u00e8re qui devait l\u2019associer, pendant cinquante et un ans, \u00e0 l\u2019administration de la commune de Ceillac. C\u2019est en effet en l\u2019an III de la R\u00e9publique que le jeune Antoine- Joseph Fournier est nomm\u00e9 agent municipal. Il a, \u00e0 l\u2019\u00e9poque, 23 ans.<\/p>\n<\/div>\n<\/div>\n\n\n\n<div style=\"height:54px\" aria-hidden=\"true\" class=\"wp-block-spacer\"><\/div>\n\n\n\n<div class=\"wp-block-columns is-layout-flex wp-container-core-columns-is-layout-28f84493 wp-block-columns-is-layout-flex\">\n<div class=\"wp-block-column is-layout-flow wp-block-column-is-layout-flow\">\n<p><strong>Les chapelles, oratoires et croix de Ceillac<\/strong> : <a href=\"http:\/\/www.lesamisdeceillac.fr\/wp-telechargements\/chapelles-livret.pdf\" target=\"_blank\" rel=\"noreferrer noopener\">plaquette<\/a><\/p>\n\n\n\n<p>Vous, Ceillaquins ou vacanciers qui sillonnez chemins et sentiers de nos vall\u00e9es, vous \u00eates-vous, un jour ou l\u2019autre, pos\u00e9 des questions sur ces \u00e9difices ou symboles qui font partie de notre patrimoine ?<\/p>\n\n\n\n<p>Cette modeste publication que vous allez parcourir n\u2019est pas un guide pratique pour visiteur. Certes, les divers itin\u00e9raires propos\u00e9s pourront \u00eatre le pr\u00e9texte \u00e0 une \u201csortie\u201d sur le terrain. Mais au-del\u00e0 d\u2019une promenade, somme toute tr\u00e8s agr\u00e9able, laissez-vous aller dans ces \u201ccheminements\u201d. Vous y d\u00e9couvrirez un peu ce qui fit notre village. Et sans doute y \u00e9prouverez-vous un peu d\u2019\u00e9motion, \u00e0 l\u2019instar de nos deux \u201camis\u201d, Anita et Guy, que nous remercions chaleureusement pour le remarquable travail accompli.<\/p>\n\n\n\n<figure class=\"wp-block-image aligncenter size-large is-resized\"><img loading=\"lazy\" decoding=\"async\" width=\"1024\" height=\"702\" src=\"https:\/\/www.lesamisdeceillac.fr\/wp-content\/uploads\/2024\/10\/publications-chapelles-cl1-1024x702.jpg\" alt=\"\" class=\"wp-image-921\" style=\"width:438px;height:auto\" srcset=\"https:\/\/www.lesamisdeceillac.fr\/wp-content\/uploads\/2024\/10\/publications-chapelles-cl1-1024x702.jpg 1024w, https:\/\/www.lesamisdeceillac.fr\/wp-content\/uploads\/2024\/10\/publications-chapelles-cl1-300x206.jpg 300w, https:\/\/www.lesamisdeceillac.fr\/wp-content\/uploads\/2024\/10\/publications-chapelles-cl1-768x526.jpg 768w, https:\/\/www.lesamisdeceillac.fr\/wp-content\/uploads\/2024\/10\/publications-chapelles-cl1-1536x1052.jpg 1536w, https:\/\/www.lesamisdeceillac.fr\/wp-content\/uploads\/2024\/10\/publications-chapelles-cl1.jpg 1547w\" sizes=\"auto, (max-width: 1024px) 100vw, 1024px\" \/><\/figure>\n<\/div>\n\n\n\n<div class=\"wp-block-column is-layout-flow wp-block-column-is-layout-flow\">\n<figure class=\"wp-block-image size-large\"><img loading=\"lazy\" decoding=\"async\" width=\"724\" height=\"1024\" src=\"https:\/\/www.lesamisdeceillac.fr\/wp-content\/uploads\/2024\/10\/chapelles-livret-couv-724x1024.jpg\" alt=\"\" class=\"wp-image-916\" srcset=\"https:\/\/www.lesamisdeceillac.fr\/wp-content\/uploads\/2024\/10\/chapelles-livret-couv-724x1024.jpg 724w, https:\/\/www.lesamisdeceillac.fr\/wp-content\/uploads\/2024\/10\/chapelles-livret-couv-212x300.jpg 212w, https:\/\/www.lesamisdeceillac.fr\/wp-content\/uploads\/2024\/10\/chapelles-livret-couv-768x1086.jpg 768w, https:\/\/www.lesamisdeceillac.fr\/wp-content\/uploads\/2024\/10\/chapelles-livret-couv-1086x1536.jpg 1086w, https:\/\/www.lesamisdeceillac.fr\/wp-content\/uploads\/2024\/10\/chapelles-livret-couv-1448x2048.jpg 1448w, https:\/\/www.lesamisdeceillac.fr\/wp-content\/uploads\/2024\/10\/chapelles-livret-couv.jpg 1500w\" sizes=\"auto, (max-width: 724px) 100vw, 724px\" \/><\/figure>\n<\/div>\n<\/div>\n","protected":false},"excerpt":{"rendered":"<p>Monographie de Ceillac par Tivollier : Monographie (pdf 157 pages) En 1976, \u00e0 la demande et avec le concours de l\u2019Association des Amis de Ceillac, les \u00e9ditions LAFFITE REPRINTS de Marseille r\u00e9imprimaient la monographie de Ceillac publi\u00e9e en 1926 par Jean Tivollier, membre de la Soci\u00e9t\u00e9 d\u2019Etude des Hautes-Alpes. Pour satisfaire les demandes qui ont [&hellip;]<\/p>\n","protected":false},"author":1,"featured_media":0,"parent":21,"menu_order":2,"comment_status":"closed","ping_status":"closed","template":"","meta":{"footnotes":""},"class_list":["post-326","page","type-page","status-publish","hentry"],"blocksy_meta":[],"_links":{"self":[{"href":"https:\/\/www.lesamisdeceillac.fr\/index.php\/wp-json\/wp\/v2\/pages\/326","targetHints":{"allow":["GET"]}}],"collection":[{"href":"https:\/\/www.lesamisdeceillac.fr\/index.php\/wp-json\/wp\/v2\/pages"}],"about":[{"href":"https:\/\/www.lesamisdeceillac.fr\/index.php\/wp-json\/wp\/v2\/types\/page"}],"author":[{"embeddable":true,"href":"https:\/\/www.lesamisdeceillac.fr\/index.php\/wp-json\/wp\/v2\/users\/1"}],"replies":[{"embeddable":true,"href":"https:\/\/www.lesamisdeceillac.fr\/index.php\/wp-json\/wp\/v2\/comments?post=326"}],"version-history":[{"count":32,"href":"https:\/\/www.lesamisdeceillac.fr\/index.php\/wp-json\/wp\/v2\/pages\/326\/revisions"}],"predecessor-version":[{"id":946,"href":"https:\/\/www.lesamisdeceillac.fr\/index.php\/wp-json\/wp\/v2\/pages\/326\/revisions\/946"}],"up":[{"embeddable":true,"href":"https:\/\/www.lesamisdeceillac.fr\/index.php\/wp-json\/wp\/v2\/pages\/21"}],"wp:attachment":[{"href":"https:\/\/www.lesamisdeceillac.fr\/index.php\/wp-json\/wp\/v2\/media?parent=326"}],"curies":[{"name":"wp","href":"https:\/\/api.w.org\/{rel}","templated":true}]}}